{"id":1549,"date":"2022-06-14T16:26:08","date_gmt":"2022-06-14T19:26:08","guid":{"rendered":"https:\/\/dgp.uepa.br\/?page_id=1549"},"modified":"2024-05-09T17:45:47","modified_gmt":"2024-05-09T20:45:47","slug":"gts","status":"publish","type":"page","link":"https:\/\/dgp.uepa.br\/index.php\/gts\/","title":{"rendered":"GTs"},"content":{"rendered":"\n<div class=\"wp-block-uagb-container uagb-block-83ddbb29 alignfull uagb-is-root-container\"><div class=\"uagb-container-inner-blocks-wrap\">\n<div class=\"wp-block-uagb-advanced-heading uagb-block-b723ebae\"><h1 class=\"uagb-heading-text\">GTs<\/h1><div class=\"uagb-separator\"><\/div><\/div>\n<\/div><\/div>\n\n\n\n<div class=\"wp-block-uagb-container uagb-block-240d49eb alignfull uagb-is-root-container\"><div class=\"uagb-container-inner-blocks-wrap\">\n<div class=\"wp-block-uagb-container uagb-block-515cd4a0\">\n<div class=\"inherit-container-width wp-block-group is-layout-constrained wp-block-group-is-layout-constrained\">\n<div class=\"wp-block-uagb-buttons uagb-buttons__outer-wrap uagb-btn__default-btn uagb-btn-tablet__default-btn uagb-btn-mobile__default-btn uagb-block-91d23d8e\"><div class=\"uagb-buttons__wrap uagb-buttons-layout-wrap\">\n<div class=\"wp-block-uagb-buttons-child uagb-buttons__outer-wrap uagb-block-60743d4b wp-block-button\"><div class=\"uagb-button__wrapper\"><a class=\"uagb-buttons-repeater wp-block-button__link\" href=\"https:\/\/dgp.uepa.br\/index.php\/requisitos-para-aposentadoria-abono-permanencia\/\" onclick=\"return true;\" rel=\"follow noopener\" target=\"_blank\"><div class=\"uagb-button__link\"><\/div><span class=\"uagb-button__icon uagb-button__icon-position-after\"><svg xmlns=\"https:\/\/www.w3.org\/2000\/svg\" viewBox=\"0 0 576 512\"><path d=\"M512 32H64C28.65 32 0 60.65 0 96v320c0 35.35 28.65 64 64 64h448c35.35 0 64-28.65 64-64V96C576 60.65 547.3 32 512 32zM176 128c35.35 0 64 28.65 64 64s-28.65 64-64 64s-64-28.65-64-64S140.7 128 176 128zM272 384h-192C71.16 384 64 376.8 64 368C64 323.8 99.82 288 144 288h64c44.18 0 80 35.82 80 80C288 376.8 280.8 384 272 384zM496 320h-128C359.2 320 352 312.8 352 304S359.2 288 368 288h128C504.8 288 512 295.2 512 304S504.8 320 496 320zM496 256h-128C359.2 256 352 248.8 352 240S359.2 224 368 224h128C504.8 224 512 231.2 512 240S504.8 256 496 256zM496 192h-128C359.2 192 352 184.8 352 176S359.2 160 368 160h128C504.8 160 512 167.2 512 176S504.8 192 496 192z\"><\/path><\/svg><\/span><\/a><\/div><\/div>\n<\/div><\/div>\n\n\n\n<div class=\"wp-block-uagb-advanced-heading uagb-block-dc40c211\"><h4 class=\"uagb-heading-text\">Aposentadoria e Abono Perman\u00eancia<\/h4><\/div>\n<\/div>\n<\/div>\n\n\n\n<div class=\"wp-block-uagb-container uagb-block-ecde3c16\">\n<div class=\"inherit-container-width wp-block-group is-layout-constrained wp-block-group-is-layout-constrained\">\n<div class=\"wp-block-uagb-buttons uagb-buttons__outer-wrap uagb-btn__default-btn uagb-btn-tablet__default-btn uagb-btn-mobile__default-btn uagb-block-ed14df63\"><div class=\"uagb-buttons__wrap uagb-buttons-layout-wrap\">\n<div class=\"wp-block-uagb-buttons-child uagb-buttons__outer-wrap uagb-block-032e0e96 wp-block-button\"><div class=\"uagb-button__wrapper\"><a class=\"uagb-buttons-repeater wp-block-button__link\" href=\"https:\/\/dgp.uepa.br\/?p=639\" onclick=\"return true;\" rel=\"follow noopener\" target=\"_blank\"><div class=\"uagb-button__link\"><\/div><span class=\"uagb-button__icon uagb-button__icon-position-after\"><svg xmlns=\"https:\/\/www.w3.org\/2000\/svg\" viewBox=\"0 0 512 512\"><path d=\"M464 64C490.5 64 512 85.49 512 112V176C512 202.5 490.5 224 464 224H48C21.49 224 0 202.5 0 176V112C0 85.49 21.49 64 48 64H464zM448 128H320V160H448V128zM464 288C490.5 288 512 309.5 512 336V400C512 426.5 490.5 448 464 448H48C21.49 448 0 426.5 0 400V336C0 309.5 21.49 288 48 288H464zM192 352V384H448V352H192z\"><\/path><\/svg><\/span><\/a><\/div><\/div>\n<\/div><\/div>\n\n\n\n<div class=\"wp-block-uagb-advanced-heading uagb-block-b2970110\"><h4 class=\"uagb-heading-text\">Arquivo Funcional<\/h4><\/div>\n<\/div>\n<\/div>\n\n\n\n<div class=\"wp-block-uagb-container uagb-block-5b5f0af9\">\n<div class=\"inherit-container-width wp-block-group is-layout-constrained wp-block-group-is-layout-constrained\">\n<div class=\"wp-block-uagb-buttons uagb-buttons__outer-wrap uagb-btn__default-btn uagb-btn-tablet__default-btn uagb-btn-mobile__default-btn uagb-block-65ac41d9\"><div class=\"uagb-buttons__wrap uagb-buttons-layout-wrap\">\n<div class=\"wp-block-uagb-buttons-child uagb-buttons__outer-wrap uagb-block-811f5824 wp-block-button\"><div class=\"uagb-button__wrapper\"><a class=\"uagb-buttons-repeater wp-block-button__link\" href=\"https:\/\/dgp.uepa.br\/?p=1384\" onclick=\"return true;\" rel=\"follow noopener\" target=\"_blank\"><div class=\"uagb-button__link\"><\/div><span class=\"uagb-button__icon uagb-button__icon-position-after\"><svg xmlns=\"https:\/\/www.w3.org\/2000\/svg\" viewBox=\"0 0 512 512\"><path d=\"M243.4 2.587C251.4-.8625 260.6-.8625 268.6 2.587L492.6 98.59C506.6 104.6 514.4 119.6 511.3 134.4C508.3 149.3 495.2 159.1 479.1 160V168C479.1 181.3 469.3 192 455.1 192H55.1C42.74 192 31.1 181.3 31.1 168V160C16.81 159.1 3.708 149.3 .6528 134.4C-2.402 119.6 5.429 104.6 19.39 98.59L243.4 2.587zM256 128C273.7 128 288 113.7 288 96C288 78.33 273.7 64 256 64C238.3 64 224 78.33 224 96C224 113.7 238.3 128 256 128zM127.1 416H167.1V224H231.1V416H280V224H344V416H384V224H448V420.3C448.6 420.6 449.2 420.1 449.8 421.4L497.8 453.4C509.5 461.2 514.7 475.8 510.6 489.3C506.5 502.8 494.1 512 480 512H31.1C17.9 512 5.458 502.8 1.372 489.3C-2.715 475.8 2.515 461.2 14.25 453.4L62.25 421.4C62.82 420.1 63.41 420.6 63.1 420.3V224H127.1V416z\"><\/path><\/svg><\/span><\/a><\/div><\/div>\n<\/div><\/div>\n\n\n\n<div class=\"wp-block-uagb-advanced-heading uagb-block-bdb96fab\"><h4 class=\"uagb-heading-text\">Gratifica\u00e7\u00e3o de Tempo Integral<\/h4><\/div>\n<\/div>\n<\/div>\n<\/div><\/div>\n\n\n\n<div class=\"wp-block-uagb-container uagb-block-319c3fb8 alignfull uagb-is-root-container\"><div class=\"uagb-container-inner-blocks-wrap\">\n<div class=\"wp-block-uagb-container uagb-block-bb4f3b18\">\n<div class=\"wp-block-uagb-image aligncenter uagb-block-2ac96b2a wp-block-uagb-image--layout-overlay wp-block-uagb-image--effect-static wp-block-uagb-image--align-center\"><figure class=\"wp-block-uagb-image__figure\"><a class=\"\" href=\"https:\/\/dgp.uepa.br\/index.php\/emissao-de-documentos-atos\/\" target=\"\" rel=\"noopener\"><img decoding=\"async\" srcset=\"https:\/\/dgp.uepa.br\/wp-content\/uploads\/2022\/12\/pexels-ketut-subiyanto-4623491.jpg \" sizes=\"auto, (max-width: 480px) 150px\" src=\"https:\/\/dgp.uepa.br\/wp-content\/uploads\/2022\/12\/pexels-ketut-subiyanto-4623491.jpg\" alt=\"\" class=\"uag-image-2321\" width=\"600\" height=\"400\" title=\"\" loading=\"lazy\"\/><\/a><div class=\"wp-block-uagb-image--layout-overlay__color-wrapper\"><\/div><div class=\"wp-block-uagb-image--layout-overlay__inner center-center\"><a class=\"wp-block-uagb-image--layout-overlay-link \" href=\"https:\/\/dgp.uepa.br\/index.php\/emissao-de-documentos-atos\/\" target=\"\" rel=\"noopener\"><\/a><h2 class=\"uagb-image-heading\">Atos<\/h2><\/div><\/figure><\/div>\n<\/div>\n\n\n\n<div class=\"wp-block-uagb-container uagb-block-c43ab3e0\">\n<div class=\"wp-block-uagb-image aligncenter uagb-block-0ce65b42 wp-block-uagb-image--layout-overlay wp-block-uagb-image--effect-static wp-block-uagb-image--align-center\"><figure class=\"wp-block-uagb-image__figure\"><a class=\"\" href=\"https:\/\/dgp.uepa.br\/index.php\/1337\/\" target=\"\" rel=\"noopener\"><img decoding=\"async\" srcset=\"https:\/\/dgp.uepa.br\/wp-content\/uploads\/2022\/12\/pexels-fauxels-3183197.jpg \" sizes=\"auto, (max-width: 480px) 150px\" src=\"https:\/\/dgp.uepa.br\/wp-content\/uploads\/2022\/12\/pexels-fauxels-3183197.jpg\" alt=\"\" class=\"uag-image-2325\" width=\"600\" height=\"400\" title=\"\" loading=\"lazy\"\/><\/a><div class=\"wp-block-uagb-image--layout-overlay__color-wrapper\"><\/div><div class=\"wp-block-uagb-image--layout-overlay__inner center-center\"><a class=\"wp-block-uagb-image--layout-overlay-link \" href=\"https:\/\/dgp.uepa.br\/index.php\/1337\/\" target=\"\" rel=\"noopener\"><\/a><h2 class=\"uagb-image-heading\">Benef\u00edcios<\/h2><\/div><\/figure><\/div>\n<\/div>\n\n\n\n<div class=\"wp-block-uagb-container uagb-block-564fe4b4\">\n<div class=\"wp-block-uagb-image aligncenter uagb-block-011250a9 wp-block-uagb-image--layout-overlay wp-block-uagb-image--effect-static wp-block-uagb-image--align-center\"><figure class=\"wp-block-uagb-image__figure\"><a class=\"\" href=\"https:\/\/dgp.uepa.br\/?p=1342\" target=\"\" rel=\"noopener\"><img decoding=\"async\" srcset=\"https:\/\/dgp.uepa.br\/wp-content\/uploads\/2022\/12\/pexels-canva-studio-3153198.jpg \" sizes=\"auto, (max-width: 480px) 150px\" src=\"https:\/\/dgp.uepa.br\/wp-content\/uploads\/2022\/12\/pexels-canva-studio-3153198.jpg\" alt=\"\" class=\"uag-image-2326\" width=\"586\" height=\"390\" title=\"\" loading=\"lazy\"\/><\/a><div class=\"wp-block-uagb-image--layout-overlay__color-wrapper\"><\/div><div class=\"wp-block-uagb-image--layout-overlay__inner center-center\"><a class=\"wp-block-uagb-image--layout-overlay-link \" href=\"https:\/\/dgp.uepa.br\/?p=1342\" target=\"\" rel=\"noopener\"><\/a><h2 class=\"uagb-image-heading\">Est\u00e1gio<\/h2><\/div><\/figure><\/div>\n<\/div>\n\n\n\n<div class=\"wp-block-uagb-container uagb-block-23058f90\">\n<div class=\"wp-block-uagb-image aligncenter uagb-block-bd3301dd wp-block-uagb-image--layout-overlay wp-block-uagb-image--effect-static wp-block-uagb-image--align-center\"><figure class=\"wp-block-uagb-image__figure\"><a class=\"\" href=\"https:\/\/dgp.uepa.br\/index.php\/ferias\/\" target=\"\" rel=\"noopener\"><img decoding=\"async\" srcset=\"https:\/\/dgp.uepa.br\/wp-content\/uploads\/2022\/12\/pexels-fauxels-3184290.jpg \" sizes=\"auto, (max-width: 480px) 150px\" src=\"https:\/\/dgp.uepa.br\/wp-content\/uploads\/2022\/12\/pexels-fauxels-3184290.jpg\" alt=\"\" class=\"uag-image-2327\" width=\"600\" height=\"400\" title=\"\" loading=\"lazy\"\/><\/a><div class=\"wp-block-uagb-image--layout-overlay__color-wrapper\"><\/div><div class=\"wp-block-uagb-image--layout-overlay__inner center-center\"><a class=\"wp-block-uagb-image--layout-overlay-link \" href=\"https:\/\/dgp.uepa.br\/index.php\/ferias\/\" target=\"\" rel=\"noopener\"><\/a><h2 class=\"uagb-image-heading\">F\u00e9rias<\/h2><\/div><\/figure><\/div>\n<\/div>\n<\/div><\/div>\n\n\n\n<div class=\"wp-block-uagb-container uagb-block-06e10655 alignfull uagb-is-root-container\"><div class=\"uagb-container-inner-blocks-wrap\">\n<div class=\"wp-block-uagb-container uagb-block-4e080503\">\n<div class=\"inherit-container-width wp-block-group is-layout-constrained wp-block-group-is-layout-constrained\">\n<div class=\"wp-block-uagb-buttons uagb-buttons__outer-wrap uagb-btn__default-btn uagb-btn-tablet__default-btn uagb-btn-mobile__default-btn uagb-block-855b064a\"><div class=\"uagb-buttons__wrap uagb-buttons-layout-wrap\">\n<div class=\"wp-block-uagb-buttons-child uagb-buttons__outer-wrap uagb-block-477f6273 wp-block-button\"><div class=\"uagb-button__wrapper\"><a class=\"uagb-buttons-repeater wp-block-button__link\" href=\"https:\/\/dgp.uepa.br\/?p=1290\" onclick=\"return true;\" rel=\"follow noopener\" target=\"_blank\"><div class=\"uagb-button__link\"><\/div><span class=\"uagb-button__icon uagb-button__icon-position-after\"><svg xmlns=\"https:\/\/www.w3.org\/2000\/svg\" viewBox=\"0 0 512 512\"><path d=\"M0 219.2v212.5c0 14.25 11.62 26.25 26.5 27C75.32 461.2 180.2 471.3 240 511.9V245.2C181.4 205.5 79.99 194.8 29.84 192C13.59 191.1 0 203.6 0 219.2zM482.2 192c-50.09 2.848-151.3 13.47-209.1 53.09C272.1 245.2 272 245.3 272 245.5v266.5c60.04-40.39 164.7-50.76 213.5-53.28C500.4 457.9 512 445.9 512 431.7V219.2C512 203.6 498.4 191.1 482.2 192zM352 96c0-53-43-96-96-96S160 43 160 96s43 96 96 96S352 149 352 96z\"><\/path><\/svg><\/span><\/a><\/div><\/div>\n<\/div><\/div>\n\n\n\n<div class=\"wp-block-uagb-advanced-heading uagb-block-549ad0fa\"><h4 class=\"uagb-heading-text\">Instru\u00e7\u00e3o Funcional<\/h4><\/div>\n<\/div>\n<\/div>\n\n\n\n<div class=\"wp-block-uagb-container uagb-block-8e45f213\">\n<div class=\"inherit-container-width wp-block-group is-layout-constrained wp-block-group-is-layout-constrained\">\n<div class=\"wp-block-uagb-buttons uagb-buttons__outer-wrap uagb-btn__default-btn uagb-btn-tablet__default-btn uagb-btn-mobile__default-btn uagb-block-c81da13d\"><div class=\"uagb-buttons__wrap uagb-buttons-layout-wrap\">\n<div class=\"wp-block-uagb-buttons-child uagb-buttons__outer-wrap uagb-block-32e7e157 wp-block-button\"><div class=\"uagb-button__wrapper\"><a class=\"uagb-buttons-repeater wp-block-button__link\" href=\"https:\/\/dgp.uepa.br\/index.php\/1351\/\" onclick=\"return true;\" rel=\"follow noopener\" target=\"_blank\"><div class=\"uagb-button__link\"><\/div><span class=\"uagb-button__icon uagb-button__icon-position-after\"><svg xmlns=\"https:\/\/www.w3.org\/2000\/svg\" viewBox=\"0 0 448 512\"><path d=\"M112 112C112 50.14 162.1 0 224 0C285.9 0 336 50.14 336 112V160H400C426.5 160 448 181.5 448 208V416C448 469 405 512 352 512H96C42.98 512 0 469 0 416V208C0 181.5 21.49 160 48 160H112V112zM160 160H288V112C288 76.65 259.3 48 224 48C188.7 48 160 76.65 160 112V160zM136 256C149.3 256 160 245.3 160 232C160 218.7 149.3 208 136 208C122.7 208 112 218.7 112 232C112 245.3 122.7 256 136 256zM312 208C298.7 208 288 218.7 288 232C288 245.3 298.7 256 312 256C325.3 256 336 245.3 336 232C336 218.7 325.3 208 312 208z\"><\/path><\/svg><\/span><\/a><\/div><\/div>\n<\/div><\/div>\n\n\n\n<div class=\"wp-block-uagb-advanced-heading uagb-block-602f3263\"><h4 class=\"uagb-heading-text\">IMF (Ingresso e Movimenta\u00e7\u00e3o Funcional)<\/h4><\/div>\n<\/div>\n<\/div>\n\n\n\n<div class=\"wp-block-uagb-container uagb-block-1838d6f2\">\n<div class=\"inherit-container-width wp-block-group is-layout-constrained wp-block-group-is-layout-constrained\">\n<div class=\"wp-block-uagb-buttons uagb-buttons__outer-wrap uagb-btn__default-btn uagb-btn-tablet__default-btn uagb-btn-mobile__default-btn uagb-block-650d2d24\"><div class=\"uagb-buttons__wrap uagb-buttons-layout-wrap\">\n<div class=\"wp-block-uagb-buttons-child uagb-buttons__outer-wrap uagb-block-bdceb4ae wp-block-button\"><div class=\"uagb-button__wrapper\"><a class=\"uagb-buttons-repeater wp-block-button__link\" href=\"https:\/\/dgp.uepa.br\/?p=1334\" onclick=\"return true;\" rel=\"follow noopener\" target=\"_blank\"><div class=\"uagb-button__link\"><\/div><span class=\"uagb-button__icon uagb-button__icon-position-after\"><svg xmlns=\"https:\/\/www.w3.org\/2000\/svg\" viewBox=\"0 0 448 512\"><path d=\"M0 32v448h448V32H0zm316.5 325.2L224 445.9l-92.5-88.7 64.5-184-64.5-86.6h184.9L252 173.2l64.5 184z\"><\/path><\/svg><\/span><\/a><\/div><\/div>\n<\/div><\/div>\n\n\n\n<div class=\"wp-block-uagb-advanced-heading uagb-block-6b9fdd1a\"><h4 class=\"uagb-heading-text\">Insalubridade e Periculosidade<\/h4><\/div>\n<\/div>\n<\/div>\n<\/div><\/div>\n\n\n\n<div class=\"wp-block-uagb-container uagb-block-d0260ca9 alignfull uagb-is-root-container\"><div class=\"uagb-container-inner-blocks-wrap\">\n<div class=\"wp-block-columns is-layout-flex wp-container-core-columns-is-layout-28f84493 wp-block-columns-is-layout-flex\">\n<div class=\"wp-block-column is-layout-flow wp-block-column-is-layout-flow\">\n<div class=\"wp-block-uagb-advanced-heading uagb-block-c0c523ba\"><h2 class=\"uagb-heading-text\">Secretaria<\/h2><div class=\"uagb-separator\"><\/div><\/div>\n<\/div>\n\n\n\n<div class=\"wp-block-column is-layout-flow wp-block-column-is-layout-flow\">\n<div class=\"wp-block-buttons is-content-justification-right is-layout-flex wp-container-core-buttons-is-layout-d445cf74 wp-block-buttons-is-layout-flex\">\n<div class=\"wp-block-button has-custom-font-size has-small-font-size\"><a class=\"wp-block-button__link has-ast-global-color-5-color has-ast-global-color-0-background-color has-text-color has-background wp-element-button\" href=\"https:\/\/dgp.uepa.br\/index.php\/category\/secretaria\/\">Saiba mais<\/a><\/div>\n<\/div>\n<\/div>\n<\/div>\n\n\n\n\t\t\t<div class=\"wp-block-uagb-post-grid uagb-post-grid  uagb-post__image-position-top uagb-post__image-enabled uagb-block-12c0d4c7     uagb-post__items uagb-post__columns-3 is-grid uagb-post__columns-tablet-2 uagb-post__columns-mobile-1 uagb-post__equal-height\" data-total=\"3\" style=\"\">\n\n\t\t\t\t\t\t\t\t\t\t\t\t<article class=\"uagb-post__inner-wrap\">\t\t\t\t\t\t\t\t<div class='uagb-post__image'>\n\t\t\t\t\t\t\t\t\t<a href=\"https:\/\/dgp.uepa.br\/index.php\/nova-direcao-na-diretoria-de-gestao-de-pessoas\/\" target=\"_self\" rel=\"bookmark noopener noreferrer\" class='uagb-image-ratio-inherit'><img loading=\"lazy\" decoding=\"async\" width=\"1024\" height=\"724\" src=\"https:\/\/dgp.uepa.br\/wp-content\/uploads\/2022\/09\/Cartaz-poster-em-modo-paisagem-de-contabilidade-e-contadores-10-1024x724.png\" class=\"attachment-large size-large\" alt=\"\" srcset=\"https:\/\/dgp.uepa.br\/wp-content\/uploads\/2022\/09\/Cartaz-poster-em-modo-paisagem-de-contabilidade-e-contadores-10-1024x724.png 1024w, https:\/\/dgp.uepa.br\/wp-content\/uploads\/2022\/09\/Cartaz-poster-em-modo-paisagem-de-contabilidade-e-contadores-10-300x212.png 300w, https:\/\/dgp.uepa.br\/wp-content\/uploads\/2022\/09\/Cartaz-poster-em-modo-paisagem-de-contabilidade-e-contadores-10-768x543.png 768w, https:\/\/dgp.uepa.br\/wp-content\/uploads\/2022\/09\/Cartaz-poster-em-modo-paisagem-de-contabilidade-e-contadores-10-1536x1086.png 1536w, https:\/\/dgp.uepa.br\/wp-content\/uploads\/2022\/09\/Cartaz-poster-em-modo-paisagem-de-contabilidade-e-contadores-10-2048x1448.png 2048w\" sizes=\"auto, (max-width: 1024px) 100vw, 1024px\" \/>\t\t\t\t\t<\/a>\n\t\t\t\t\t\t\t<\/div>\n\t\t\t\t\t\t<p class=\"uagb-post__title uagb-post__text\">\n\t\t\t\t<a href=\"https:\/\/dgp.uepa.br\/index.php\/nova-direcao-na-diretoria-de-gestao-de-pessoas\/\" target=\"_self\" rel=\"bookmark noopener noreferrer\">Nova dire\u00e7\u00e3o na Diretoria de Gest\u00e3o de Pessoas<\/a>\n\t\t\t<\/p>\n\t\t\t\t\t\t<div class='uagb-post__text uagb-post-grid-byline'>\n\t\t\t\t\t\t\t<\/div>\n\t\t\t\t\t\t\t\t\t\t\t\t<\/article>\n\t\t\t\t\t\t\t\t\t\t\t\t\t\t\t\t<article class=\"uagb-post__inner-wrap\">\t\t\t\t\t\t\t\t<div class='uagb-post__image'>\n\t\t\t\t\t\t\t\t\t<a href=\"https:\/\/dgp.uepa.br\/index.php\/licenca-sem-vencimento\/\" target=\"_self\" rel=\"bookmark noopener noreferrer\" class='uagb-image-ratio-inherit'><img loading=\"lazy\" decoding=\"async\" width=\"1024\" height=\"726\" src=\"https:\/\/dgp.uepa.br\/wp-content\/uploads\/2022\/08\/Licenca-Sem-Vencimento-1024x726.png\" class=\"attachment-large size-large\" alt=\"\" srcset=\"https:\/\/dgp.uepa.br\/wp-content\/uploads\/2022\/08\/Licenca-Sem-Vencimento-1024x726.png 1024w, https:\/\/dgp.uepa.br\/wp-content\/uploads\/2022\/08\/Licenca-Sem-Vencimento-300x213.png 300w, https:\/\/dgp.uepa.br\/wp-content\/uploads\/2022\/08\/Licenca-Sem-Vencimento-768x545.png 768w, https:\/\/dgp.uepa.br\/wp-content\/uploads\/2022\/08\/Licenca-Sem-Vencimento-1536x1090.png 1536w, https:\/\/dgp.uepa.br\/wp-content\/uploads\/2022\/08\/Licenca-Sem-Vencimento.png 1748w\" sizes=\"auto, (max-width: 1024px) 100vw, 1024px\" \/>\t\t\t\t\t<\/a>\n\t\t\t\t\t\t\t<\/div>\n\t\t\t\t\t\t<p class=\"uagb-post__title uagb-post__text\">\n\t\t\t\t<a href=\"https:\/\/dgp.uepa.br\/index.php\/licenca-sem-vencimento\/\" target=\"_self\" rel=\"bookmark noopener noreferrer\">Licen\u00e7a Sem Vencimento<\/a>\n\t\t\t<\/p>\n\t\t\t\t\t\t<div class='uagb-post__text uagb-post-grid-byline'>\n\t\t\t\t\t\t\t<\/div>\n\t\t\t\t\t\t\t\t\t\t\t\t<\/article>\n\t\t\t\t\t\t\t\t\t\t\t\t\t\t\t\t<article class=\"uagb-post__inner-wrap\">\t\t\t\t\t\t\t\t<div class='uagb-post__image'>\n\t\t\t\t\t\t\t\t\t<a href=\"https:\/\/dgp.uepa.br\/index.php\/apresentacao-de-certificados\/\" target=\"_self\" rel=\"bookmark noopener noreferrer\" class='uagb-image-ratio-inherit'><img loading=\"lazy\" decoding=\"async\" width=\"1024\" height=\"726\" src=\"https:\/\/dgp.uepa.br\/wp-content\/uploads\/2022\/08\/Design-sem-nome-5-1024x726.png\" class=\"attachment-large size-large\" alt=\"\" srcset=\"https:\/\/dgp.uepa.br\/wp-content\/uploads\/2022\/08\/Design-sem-nome-5-1024x726.png 1024w, https:\/\/dgp.uepa.br\/wp-content\/uploads\/2022\/08\/Design-sem-nome-5-300x213.png 300w, https:\/\/dgp.uepa.br\/wp-content\/uploads\/2022\/08\/Design-sem-nome-5-768x545.png 768w, https:\/\/dgp.uepa.br\/wp-content\/uploads\/2022\/08\/Design-sem-nome-5-1536x1090.png 1536w, https:\/\/dgp.uepa.br\/wp-content\/uploads\/2022\/08\/Design-sem-nome-5.png 1748w\" sizes=\"auto, (max-width: 1024px) 100vw, 1024px\" \/>\t\t\t\t\t<\/a>\n\t\t\t\t\t\t\t<\/div>\n\t\t\t\t\t\t<p class=\"uagb-post__title uagb-post__text\">\n\t\t\t\t<a href=\"https:\/\/dgp.uepa.br\/index.php\/apresentacao-de-certificados\/\" target=\"_self\" rel=\"bookmark noopener noreferrer\">APRESENTA\u00c7\u00c3O DE CERTIFICADOS<\/a>\n\t\t\t<\/p>\n\t\t\t\t\t\t<div class='uagb-post__text uagb-post-grid-byline'>\n\t\t\t\t\t\t\t<\/div>\n\t\t\t\t\t\t\t\t\t\t\t\t<\/article>\n\t\t\t\t\t\t\t\t\t\t\t<\/div>\n\t\t\t<\/div><\/div>\n","protected":false},"excerpt":{"rendered":"<p>GTs Aposentadoria e Abono Perman\u00eancia Arquivo Funcional Gratifica\u00e7\u00e3o de Tempo Integral Instru\u00e7\u00e3o Funcional IMF (Ingresso e Movimenta\u00e7\u00e3o Funcional) Insalubridade e Periculosidade Secretaria<\/p>\n","protected":false},"author":1,"featured_media":0,"parent":0,"menu_order":0,"comment_status":"closed","ping_status":"closed","template":"","meta":{"_uag_custom_page_level_css":"","site-sidebar-layout":"default","site-content-layout":"","ast-site-content-layout":"default","site-content-style":"default","site-sidebar-style":"default","ast-global-header-display":"","ast-banner-title-visibility":"","ast-main-header-display":"","ast-hfb-above-header-display":"","ast-hfb-below-header-display":"","ast-hfb-mobile-header-display":"","site-post-title":"disabled","ast-breadcrumbs-content":"","ast-featured-img":"","footer-sml-layout":"","theme-transparent-header-meta":"","adv-header-id-meta":"","stick-header-meta":"","header-above-stick-meta":"","header-main-stick-meta":"","header-below-stick-meta":"","astra-migrate-meta-layouts":"set","ast-page-background-enabled":"default","ast-page-background-meta":{"desktop":{"background-color":"","background-image":"","background-repeat":"repeat","background-position":"center center","background-size":"auto","background-attachment":"scroll","background-type":"","background-media":"","overlay-type":"","overlay-color":"","overlay-gradient":""},"tablet":{"background-color":"","background-image":"","background-repeat":"repeat","background-position":"center center","background-size":"auto","background-attachment":"scroll","background-type":"","background-media":"","overlay-type":"","overlay-color":"","overlay-gradient":""},"mobile":{"background-color":"","background-image":"","background-repeat":"repeat","background-position":"center center","background-size":"auto","background-attachment":"scroll","background-type":"","background-media":"","overlay-type":"","overlay-color":"","overlay-gradient":""}},"ast-content-background-meta":{"desktop":{"background-color":"var(--ast-global-color-5)","background-image":"","background-repeat":"repeat","background-position":"center center","background-size":"auto","background-attachment":"scroll","background-type":"","background-media":"","overlay-type":"","overlay-color":"","overlay-gradient":""},"tablet":{"background-color":"var(--ast-global-color-5)","background-image":"","background-repeat":"repeat","background-position":"center center","background-size":"auto","background-attachment":"scroll","background-type":"","background-media":"","overlay-type":"","overlay-color":"","overlay-gradient":""},"mobile":{"background-color":"var(--ast-global-color-5)","background-image":"","background-repeat":"repeat","background-position":"center center","background-size":"auto","background-attachment":"scroll","background-type":"","background-media":"","overlay-type":"","overlay-color":"","overlay-gradient":""}},"footnotes":""},"class_list":["post-1549","page","type-page","status-publish","hentry"],"uagb_featured_image_src":{"full":false,"thumbnail":false,"medium":false,"medium_large":false,"large":false,"1536x1536":false,"2048x2048":false},"uagb_author_info":{"display_name":"admin@uepa.br","author_link":"https:\/\/dgp.uepa.br\/index.php\/author\/adminuepa-br\/"},"uagb_comment_info":0,"uagb_excerpt":"GTs Aposentadoria e Abono Perman\u00eancia Arquivo Funcional Gratifica\u00e7\u00e3o de Tempo Integral Instru\u00e7\u00e3o Funcional IMF (Ingresso e Movimenta\u00e7\u00e3o Funcional) Insalubridade e Periculosidade Secretaria","_links":{"self":[{"href":"https:\/\/dgp.uepa.br\/index.php\/wp-json\/wp\/v2\/pages\/1549","targetHints":{"allow":["GET"]}}],"collection":[{"href":"https:\/\/dgp.uepa.br\/index.php\/wp-json\/wp\/v2\/pages"}],"about":[{"href":"https:\/\/dgp.uepa.br\/index.php\/wp-json\/wp\/v2\/types\/page"}],"author":[{"embeddable":true,"href":"https:\/\/dgp.uepa.br\/index.php\/wp-json\/wp\/v2\/users\/1"}],"replies":[{"embeddable":true,"href":"https:\/\/dgp.uepa.br\/index.php\/wp-json\/wp\/v2\/comments?post=1549"}],"version-history":[{"count":9,"href":"https:\/\/dgp.uepa.br\/index.php\/wp-json\/wp\/v2\/pages\/1549\/revisions"}],"predecessor-version":[{"id":3774,"href":"https:\/\/dgp.uepa.br\/index.php\/wp-json\/wp\/v2\/pages\/1549\/revisions\/3774"}],"wp:attachment":[{"href":"https:\/\/dgp.uepa.br\/index.php\/wp-json\/wp\/v2\/media?parent=1549"}],"curies":[{"name":"wp","href":"https:\/\/api.w.org\/{rel}","templated":true}]}}