{"id":1630,"date":"2022-07-08T06:15:41","date_gmt":"2022-07-08T09:15:41","guid":{"rendered":"https:\/\/dgp.uepa.br\/?page_id=1630"},"modified":"2025-04-07T10:34:56","modified_gmt":"2025-04-07T13:34:56","slug":"codepe","status":"publish","type":"page","link":"https:\/\/dgp.uepa.br\/index.php\/codepe\/","title":{"rendered":"CODEPE"},"content":{"rendered":"\n<style>\n.ast-above-header-wrap  {\nbackground: none;\n}\n<\/style>\n\n\n\n<div class=\"wp-block-uagb-container uagb-block-33100058 alignfull uagb-is-root-container\"><div class=\"uagb-container__shape uagb-container__shape-bottom uagb-container__invert\" data-negative=\"false\"><svg xmlns=\"https:\/\/www.w3.org\/2000\/svg\" viewBox=\"0 0 1000 100\" preserveAspectRatio=\"none\"><path class=\"uagb-container__shape-fill\" d=\"M0,0c0,0,0,6,0,6.7c0,18,240.2,93.6,615.2,92.6C989.8,98.5,1000,25,1000,6.7c0-0.7,0-6.7,0-6.7H0z\"><\/path><\/svg><\/div><div class=\"uagb-container-inner-blocks-wrap\">\n<div class=\"wp-block-uagb-container uagb-block-8b101cbc alignfull uagb-is-root-container\"><div class=\"uagb-container-inner-blocks-wrap\">\n<div class=\"wp-block-uagb-container uagb-block-966b1118\">\n<div class=\"wp-block-uagb-advanced-heading uagb-block-e3d58d00\"><h2 class=\"uagb-heading-text\">O que \u00e9 CODEPE?<\/h2><p class=\"uagb-desc-text\">A Coordenadoria de Desenvolvimento de Pessoas \u2013 CODEPE \u00e9 a subunidade integrante da Diretoria de Gest\u00e3o de Pessoas \u2013 DGP e tem como responsabilidade:<\/p><\/div>\n\n\n\n<div class=\"wp-block-buttons is-content-justification-left is-layout-flex wp-container-core-buttons-is-layout-fc4fd283 wp-block-buttons-is-layout-flex\">\n<div class=\"wp-block-button is-style-fill\"><a class=\"wp-block-button__link has-ast-global-color-0-background-color has-background wp-element-button\" href=\"https:\/\/dgp.uepa.br\/index.php\/o-que-e-a-codepe\/\" style=\"border-radius:8px\">Saiba mais!<\/a><\/div>\n<\/div>\n<\/div>\n\n\n\n<div class=\"wp-block-uagb-container uagb-block-0f38c476\"><\/div>\n<\/div><\/div>\n<\/div><\/div>\n\n\n\n<div class=\"wp-block-uagb-container uagb-block-c49188ff alignfull uagb-is-root-container\"><div class=\"uagb-container-inner-blocks-wrap\">\n<div class=\"wp-block-columns is-not-stacked-on-mobile is-layout-flex wp-container-core-columns-is-layout-28f84493 wp-block-columns-is-layout-flex\">\n<div class=\"wp-block-column is-layout-flow wp-block-column-is-layout-flow\">\n<div class=\"wp-block-uagb-advanced-heading uagb-block-5abcf43c\"><h2 class=\"uagb-heading-text\">CAPACITA\u00c7\u00c3O<\/h2><div class=\"uagb-separator\"><\/div><\/div>\n<\/div>\n\n\n\n<div class=\"wp-block-column is-layout-flow wp-block-column-is-layout-flow\">\n<div class=\"wp-block-buttons is-content-justification-right is-layout-flex wp-container-core-buttons-is-layout-d445cf74 wp-block-buttons-is-layout-flex\">\n<div class=\"wp-block-button has-custom-font-size has-small-font-size\"><a class=\"wp-block-button__link has-ast-global-color-5-color has-ast-global-color-0-background-color has-text-color has-background wp-element-button\" href=\"https:\/\/dgp.uepa.br\/index.php\/capacitacao-posts\/\" target=\"_blank\" rel=\"noreferrer noopener\">Veja mais<\/a><\/div>\n<\/div>\n<\/div>\n<\/div>\n\n\n\n\t\t\t<div class=\"wp-block-uagb-post-grid uagb-post-grid  uagb-post__image-position-top uagb-post__image-enabled uagb-block-48375d72     uagb-post__items uagb-post__columns-3 is-grid uagb-post__columns-tablet-2 uagb-post__columns-mobile-1 uagb-post__equal-height\" data-total=\"2\" style=\"\">\n\n\t\t\t\t\t\t\t\t\t\t\t\t<article class=\"uagb-post__inner-wrap\">\t\t\t\t\t\t\t\t<div class='uagb-post__image'>\n\t\t\t\t\t\t\t\t\t<a href=\"https:\/\/dgp.uepa.br\/index.php\/treinamento-de-combate-ao-principio-de-incendio-e-primeiros-socorros-com-o-corpo-de-bombeiros-militar\/\" target=\"_self\" rel=\"bookmark noopener noreferrer\" class='uagb-image-ratio-inherit'><img loading=\"lazy\" decoding=\"async\" width=\"1024\" height=\"341\" src=\"https:\/\/dgp.uepa.br\/wp-content\/uploads\/2025\/04\/Capa-Treinamento.png\" class=\"attachment-large size-large\" alt=\"\" srcset=\"https:\/\/dgp.uepa.br\/wp-content\/uploads\/2025\/04\/Capa-Treinamento.png 1024w, https:\/\/dgp.uepa.br\/wp-content\/uploads\/2025\/04\/Capa-Treinamento-300x100.png 300w, https:\/\/dgp.uepa.br\/wp-content\/uploads\/2025\/04\/Capa-Treinamento-768x256.png 768w\" sizes=\"auto, (max-width: 1024px) 100vw, 1024px\" \/>\t\t\t\t\t<\/a>\n\t\t\t\t\t\t\t<\/div>\n\t\t\t\t\t\t<p class=\"uagb-post__title uagb-post__text\">\n\t\t\t\t<a href=\"https:\/\/dgp.uepa.br\/index.php\/treinamento-de-combate-ao-principio-de-incendio-e-primeiros-socorros-com-o-corpo-de-bombeiros-militar\/\" target=\"_self\" rel=\"bookmark noopener noreferrer\">Treinamento de Combate ao princ\u00edpio de inc\u00eandio e primeiros socorros com o corpo de Bombeiros Militar<\/a>\n\t\t\t<\/p>\n\t\t\t\t\t\t<div class='uagb-post__text uagb-post-grid-byline'>\n\t\t\t\t\t\t\t<\/div>\n\t\t\t\t\t\t\t\t\t\t\t\t<\/article>\n\t\t\t\t\t\t\t\t\t\t\t\t\t\t\t\t<article class=\"uagb-post__inner-wrap\">\t\t\t\t\t\t\t\t<div class='uagb-post__image'>\n\t\t\t\t\t\t\t\t\t<a href=\"https:\/\/dgp.uepa.br\/index.php\/oficina-educacao-financeira-na-pratica\/\" target=\"_self\" rel=\"bookmark noopener noreferrer\" class='uagb-image-ratio-inherit'><img loading=\"lazy\" decoding=\"async\" width=\"1024\" height=\"341\" src=\"https:\/\/dgp.uepa.br\/wp-content\/uploads\/2025\/04\/Capa-noticia-4.png\" class=\"attachment-large size-large\" alt=\"\" srcset=\"https:\/\/dgp.uepa.br\/wp-content\/uploads\/2025\/04\/Capa-noticia-4.png 1024w, https:\/\/dgp.uepa.br\/wp-content\/uploads\/2025\/04\/Capa-noticia-4-300x100.png 300w, https:\/\/dgp.uepa.br\/wp-content\/uploads\/2025\/04\/Capa-noticia-4-768x256.png 768w\" sizes=\"auto, (max-width: 1024px) 100vw, 1024px\" \/>\t\t\t\t\t<\/a>\n\t\t\t\t\t\t\t<\/div>\n\t\t\t\t\t\t<p class=\"uagb-post__title uagb-post__text\">\n\t\t\t\t<a href=\"https:\/\/dgp.uepa.br\/index.php\/oficina-educacao-financeira-na-pratica\/\" target=\"_self\" rel=\"bookmark noopener noreferrer\">Oficina: Educa\u00e7\u00e3o Financeira na Pr\u00e1tica<\/a>\n\t\t\t<\/p>\n\t\t\t\t\t\t<div class='uagb-post__text uagb-post-grid-byline'>\n\t\t\t\t\t\t\t<\/div>\n\t\t\t\t\t\t\t\t\t\t\t\t<\/article>\n\t\t\t\t\t\t\t\t\t\t\t\t\t\t\t\t<article class=\"uagb-post__inner-wrap\">\t\t\t\t\t\t\t\t<div class='uagb-post__image'>\n\t\t\t\t\t\t\t\t\t<a href=\"https:\/\/dgp.uepa.br\/index.php\/escola-de-governanca-do-estado-do-para-abre-edital-para-cursos-de-pos-graduacao-para-servidores-publicos\/\" target=\"_self\" rel=\"bookmark noopener noreferrer\" class='uagb-image-ratio-inherit'><img loading=\"lazy\" decoding=\"async\" width=\"1024\" height=\"341\" src=\"https:\/\/dgp.uepa.br\/wp-content\/uploads\/2024\/07\/Cursos-EGPA-1.png\" class=\"attachment-large size-large\" alt=\"\" srcset=\"https:\/\/dgp.uepa.br\/wp-content\/uploads\/2024\/07\/Cursos-EGPA-1.png 1024w, https:\/\/dgp.uepa.br\/wp-content\/uploads\/2024\/07\/Cursos-EGPA-1-300x100.png 300w, https:\/\/dgp.uepa.br\/wp-content\/uploads\/2024\/07\/Cursos-EGPA-1-768x256.png 768w\" sizes=\"auto, (max-width: 1024px) 100vw, 1024px\" \/>\t\t\t\t\t<\/a>\n\t\t\t\t\t\t\t<\/div>\n\t\t\t\t\t\t<p class=\"uagb-post__title uagb-post__text\">\n\t\t\t\t<a href=\"https:\/\/dgp.uepa.br\/index.php\/escola-de-governanca-do-estado-do-para-abre-edital-para-cursos-de-pos-graduacao-para-servidores-publicos\/\" target=\"_self\" rel=\"bookmark noopener noreferrer\">Escola de Governan\u00e7a do Estado do Par\u00e1 abre edital para  cursos de p\u00f3s gradua\u00e7\u00e3o para servidores p\u00fablicos<\/a>\n\t\t\t<\/p>\n\t\t\t\t\t\t<div class='uagb-post__text uagb-post-grid-byline'>\n\t\t\t\t\t\t\t<\/div>\n\t\t\t\t\t\t\t\t\t\t\t\t<\/article>\n\t\t\t\t\t\t\t\t\t\t\t<\/div>\n\t\t\t<\/div><\/div>\n\n\n\n<div class=\"wp-block-uagb-container uagb-block-f2c4cbd5 alignfull uagb-is-root-container\"><div class=\"uagb-container-inner-blocks-wrap\">\n<div class=\"wp-block-columns is-not-stacked-on-mobile is-layout-flex wp-container-core-columns-is-layout-28f84493 wp-block-columns-is-layout-flex\">\n<div class=\"wp-block-column is-layout-flow wp-block-column-is-layout-flow\">\n<div class=\"wp-block-uagb-advanced-heading uagb-block-3070aaaf\"><h2 class=\"uagb-heading-text\">VALORIZA\u00c7\u00c3O<\/h2><div class=\"uagb-separator\"><\/div><\/div>\n<\/div>\n\n\n\n<div class=\"wp-block-column is-layout-flow wp-block-column-is-layout-flow\">\n<div class=\"wp-block-buttons is-content-justification-right is-layout-flex wp-container-core-buttons-is-layout-d445cf74 wp-block-buttons-is-layout-flex\">\n<div class=\"wp-block-button has-custom-font-size has-small-font-size\"><a class=\"wp-block-button__link has-ast-global-color-5-color has-ast-global-color-0-background-color has-text-color has-background wp-element-button\" href=\"https:\/\/dgp.uepa.br\/index.php\/2292-2\/\" target=\"_blank\" rel=\"noreferrer noopener\">Veja mais<\/a><\/div>\n<\/div>\n<\/div>\n<\/div>\n\n\n\n\t\t\t<div class=\"wp-block-uagb-post-grid uagb-post-grid  uagb-post__image-position-top uagb-post__image-enabled uagb-block-d6530c33     uagb-post__items uagb-post__columns-3 is-grid uagb-post__columns-tablet-2 uagb-post__columns-mobile-1 uagb-post__equal-height\" data-total=\"1\" style=\"\">\n\n\t\t\t\t\t\t\t\t\t\t\t\t<article class=\"uagb-post__inner-wrap\">\t\t\t\t\t\t\t\t<div class='uagb-post__image'>\n\t\t\t\t\t\t\t\t\t<a href=\"https:\/\/dgp.uepa.br\/index.php\/dia-das-mulheres-uepa\/\" target=\"_self\" rel=\"bookmark noopener noreferrer\" class='uagb-image-ratio-inherit'><img loading=\"lazy\" decoding=\"async\" width=\"1024\" height=\"341\" src=\"https:\/\/dgp.uepa.br\/wp-content\/uploads\/2025\/04\/Capa-da-Noticia-1.png\" class=\"attachment-large size-large\" alt=\"\" srcset=\"https:\/\/dgp.uepa.br\/wp-content\/uploads\/2025\/04\/Capa-da-Noticia-1.png 1024w, https:\/\/dgp.uepa.br\/wp-content\/uploads\/2025\/04\/Capa-da-Noticia-1-300x100.png 300w, https:\/\/dgp.uepa.br\/wp-content\/uploads\/2025\/04\/Capa-da-Noticia-1-768x256.png 768w\" sizes=\"auto, (max-width: 1024px) 100vw, 1024px\" \/>\t\t\t\t\t<\/a>\n\t\t\t\t\t\t\t<\/div>\n\t\t\t\t\t\t<p class=\"uagb-post__title uagb-post__text\">\n\t\t\t\t<a href=\"https:\/\/dgp.uepa.br\/index.php\/dia-das-mulheres-uepa\/\" target=\"_self\" rel=\"bookmark noopener noreferrer\">Dia das Mulheres UEPA<\/a>\n\t\t\t<\/p>\n\t\t\t\t\t\t<div class='uagb-post__text uagb-post-grid-byline'>\n\t\t\t\t\t\t\t<\/div>\n\t\t\t\t\t\t\t\t\t\t\t\t<\/article>\n\t\t\t\t\t\t\t\t\t\t\t\t\t\t\t\t<article class=\"uagb-post__inner-wrap\">\t\t\t\t\t\t\t\t<div class='uagb-post__image'>\n\t\t\t\t\t\t\t\t\t<a href=\"https:\/\/dgp.uepa.br\/index.php\/dia-do-servidor-uepa-2024\/\" target=\"_self\" rel=\"bookmark noopener noreferrer\" class='uagb-image-ratio-inherit'><img loading=\"lazy\" decoding=\"async\" width=\"1024\" height=\"341\" src=\"https:\/\/dgp.uepa.br\/wp-content\/uploads\/2025\/04\/Capa-da-noticia.png\" class=\"attachment-large size-large\" alt=\"\" srcset=\"https:\/\/dgp.uepa.br\/wp-content\/uploads\/2025\/04\/Capa-da-noticia.png 1024w, https:\/\/dgp.uepa.br\/wp-content\/uploads\/2025\/04\/Capa-da-noticia-300x100.png 300w, https:\/\/dgp.uepa.br\/wp-content\/uploads\/2025\/04\/Capa-da-noticia-768x256.png 768w\" sizes=\"auto, (max-width: 1024px) 100vw, 1024px\" \/>\t\t\t\t\t<\/a>\n\t\t\t\t\t\t\t<\/div>\n\t\t\t\t\t\t<p class=\"uagb-post__title uagb-post__text\">\n\t\t\t\t<a href=\"https:\/\/dgp.uepa.br\/index.php\/dia-do-servidor-uepa-2024\/\" target=\"_self\" rel=\"bookmark noopener noreferrer\">Dia do Servidor UEPA 2024<\/a>\n\t\t\t<\/p>\n\t\t\t\t\t\t<div class='uagb-post__text uagb-post-grid-byline'>\n\t\t\t\t\t\t\t<\/div>\n\t\t\t\t\t\t\t\t\t\t\t\t<\/article>\n\t\t\t\t\t\t\t\t\t\t\t<\/div>\n\t\t\t<\/div><\/div>\n\n\n\n<div class=\"wp-block-uagb-container uagb-block-e9bb7b87 alignfull uagb-is-root-container\"><div class=\"uagb-container-inner-blocks-wrap\">\n<div class=\"wp-block-columns is-not-stacked-on-mobile is-layout-flex wp-container-core-columns-is-layout-28f84493 wp-block-columns-is-layout-flex\">\n<div class=\"wp-block-column is-layout-flow wp-block-column-is-layout-flow\">\n<div class=\"wp-block-uagb-advanced-heading uagb-block-cffc36fc\"><h2 class=\"uagb-heading-text\">QUALIDADE DE VIDA<\/h2><div class=\"uagb-separator\"><\/div><\/div>\n<\/div>\n\n\n\n<div class=\"wp-block-column is-layout-flow wp-block-column-is-layout-flow\">\n<div class=\"wp-block-buttons is-content-justification-right is-layout-flex wp-container-core-buttons-is-layout-d445cf74 wp-block-buttons-is-layout-flex\">\n<div class=\"wp-block-button has-custom-font-size has-small-font-size\"><a class=\"wp-block-button__link has-ast-global-color-5-color has-ast-global-color-0-background-color has-text-color has-background wp-element-button\" href=\"https:\/\/dgp.uepa.br\/index.php\/2292-2\/\" target=\"_blank\" rel=\"noreferrer noopener\">Veja mais<\/a><\/div>\n<\/div>\n<\/div>\n<\/div>\n\n\n\n\t\t\t<div class=\"wp-block-uagb-post-grid uagb-post-grid  uagb-post__image-position-top uagb-post__image-enabled uagb-block-3c619fc4     uagb-post__items uagb-post__columns-3 is-grid uagb-post__columns-tablet-2 uagb-post__columns-mobile-1 uagb-post__equal-height\" data-total=\"1\" style=\"\">\n\n\t\t\t\t\t\t\t\t\t\t\t\t<article class=\"uagb-post__inner-wrap\">\t\t\t\t\t\t\t\t<div class='uagb-post__image'>\n\t\t\t\t\t\t\t\t\t<a href=\"https:\/\/dgp.uepa.br\/index.php\/dia-d-da-saude\/\" target=\"_self\" rel=\"bookmark noopener noreferrer\" class='uagb-image-ratio-inherit'><img loading=\"lazy\" decoding=\"async\" width=\"1024\" height=\"341\" src=\"https:\/\/dgp.uepa.br\/wp-content\/uploads\/2025\/04\/capa-Dia-D-da-Saude.png\" class=\"attachment-large size-large\" alt=\"\" srcset=\"https:\/\/dgp.uepa.br\/wp-content\/uploads\/2025\/04\/capa-Dia-D-da-Saude.png 1024w, https:\/\/dgp.uepa.br\/wp-content\/uploads\/2025\/04\/capa-Dia-D-da-Saude-300x100.png 300w, https:\/\/dgp.uepa.br\/wp-content\/uploads\/2025\/04\/capa-Dia-D-da-Saude-768x256.png 768w\" sizes=\"auto, (max-width: 1024px) 100vw, 1024px\" \/>\t\t\t\t\t<\/a>\n\t\t\t\t\t\t\t<\/div>\n\t\t\t\t\t\t<p class=\"uagb-post__title uagb-post__text\">\n\t\t\t\t<a href=\"https:\/\/dgp.uepa.br\/index.php\/dia-d-da-saude\/\" target=\"_self\" rel=\"bookmark noopener noreferrer\">Dia D da Sa\u00fade<\/a>\n\t\t\t<\/p>\n\t\t\t\t\t\t<div class='uagb-post__text uagb-post-grid-byline'>\n\t\t\t\t\t\t\t<\/div>\n\t\t\t\t\t\t\t\t\t\t\t\t<\/article>\n\t\t\t\t\t\t\t\t\t\t\t\t\t\t\t\t<article class=\"uagb-post__inner-wrap\">\t\t\t\t\t\t\t\t<div class='uagb-post__image'>\n\t\t\t\t\t\t\t\t\t<a href=\"https:\/\/dgp.uepa.br\/index.php\/campanha-de-doacao-de-sangue\/\" target=\"_self\" rel=\"bookmark noopener noreferrer\" class='uagb-image-ratio-inherit'><img loading=\"lazy\" decoding=\"async\" width=\"1024\" height=\"341\" src=\"https:\/\/dgp.uepa.br\/wp-content\/uploads\/2025\/04\/Campanha-de-doacao-de-sangue.png\" class=\"attachment-large size-large\" alt=\"\" srcset=\"https:\/\/dgp.uepa.br\/wp-content\/uploads\/2025\/04\/Campanha-de-doacao-de-sangue.png 1024w, https:\/\/dgp.uepa.br\/wp-content\/uploads\/2025\/04\/Campanha-de-doacao-de-sangue-300x100.png 300w, https:\/\/dgp.uepa.br\/wp-content\/uploads\/2025\/04\/Campanha-de-doacao-de-sangue-768x256.png 768w\" sizes=\"auto, (max-width: 1024px) 100vw, 1024px\" \/>\t\t\t\t\t<\/a>\n\t\t\t\t\t\t\t<\/div>\n\t\t\t\t\t\t<p class=\"uagb-post__title uagb-post__text\">\n\t\t\t\t<a href=\"https:\/\/dgp.uepa.br\/index.php\/campanha-de-doacao-de-sangue\/\" target=\"_self\" rel=\"bookmark noopener noreferrer\">Campanha de Doa\u00e7\u00e3o de Sangue<\/a>\n\t\t\t<\/p>\n\t\t\t\t\t\t<div class='uagb-post__text uagb-post-grid-byline'>\n\t\t\t\t\t\t\t<\/div>\n\t\t\t\t\t\t\t\t\t\t\t\t<\/article>\n\t\t\t\t\t\t\t\t\t\t\t\t\t\t\t\t<article class=\"uagb-post__inner-wrap\">\t\t\t\t\t\t\t\t<div class='uagb-post__image'>\n\t\t\t\t\t\t\t\t\t<a href=\"https:\/\/dgp.uepa.br\/index.php\/uepa-na-folia\/\" target=\"_self\" rel=\"bookmark noopener noreferrer\" class='uagb-image-ratio-inherit'><img loading=\"lazy\" decoding=\"async\" width=\"1024\" height=\"341\" src=\"https:\/\/dgp.uepa.br\/wp-content\/uploads\/2024\/02\/header-UEPA-na-folia-1024x341-1.png\" class=\"attachment-large size-large\" alt=\"\" srcset=\"https:\/\/dgp.uepa.br\/wp-content\/uploads\/2024\/02\/header-UEPA-na-folia-1024x341-1.png 1024w, https:\/\/dgp.uepa.br\/wp-content\/uploads\/2024\/02\/header-UEPA-na-folia-1024x341-1-300x100.png 300w, https:\/\/dgp.uepa.br\/wp-content\/uploads\/2024\/02\/header-UEPA-na-folia-1024x341-1-768x256.png 768w\" sizes=\"auto, (max-width: 1024px) 100vw, 1024px\" \/>\t\t\t\t\t<\/a>\n\t\t\t\t\t\t\t<\/div>\n\t\t\t\t\t\t<p class=\"uagb-post__title uagb-post__text\">\n\t\t\t\t<a href=\"https:\/\/dgp.uepa.br\/index.php\/uepa-na-folia\/\" target=\"_self\" rel=\"bookmark noopener noreferrer\">UEPA na Folia<\/a>\n\t\t\t<\/p>\n\t\t\t\t\t\t<div class='uagb-post__text uagb-post-grid-byline'>\n\t\t\t\t\t\t\t<\/div>\n\t\t\t\t\t\t\t\t\t\t\t\t<\/article>\n\t\t\t\t\t\t\t\t\t\t\t<\/div>\n\t\t\t<\/div><\/div>\n\n\n\n<div class=\"wp-block-uagb-container uagb-block-20fdc457 alignfull uagb-is-root-container\"><div class=\"uagb-container-inner-blocks-wrap\">\n<div class=\"wp-block-columns is-not-stacked-on-mobile is-layout-flex wp-container-core-columns-is-layout-28f84493 wp-block-columns-is-layout-flex\">\n<div class=\"wp-block-column is-layout-flow wp-block-column-is-layout-flow\">\n<div class=\"wp-block-uagb-advanced-heading uagb-block-7f56a60f\"><h2 class=\"uagb-heading-text\">SEGURAN\u00c7A DO TRABALHO<\/h2><div class=\"uagb-separator\"><\/div><\/div>\n<\/div>\n\n\n\n<div class=\"wp-block-column is-layout-flow wp-block-column-is-layout-flow\">\n<div class=\"wp-block-buttons is-content-justification-right is-layout-flex wp-container-core-buttons-is-layout-d445cf74 wp-block-buttons-is-layout-flex\">\n<div class=\"wp-block-button has-custom-font-size has-small-font-size\"><a class=\"wp-block-button__link has-ast-global-color-5-color has-ast-global-color-0-background-color has-text-color has-background wp-element-button\" href=\"https:\/\/dgp.uepa.br\/index.php\/2292-2\/\" target=\"_blank\" rel=\"noreferrer noopener\">Veja mais<\/a><\/div>\n<\/div>\n<\/div>\n<\/div>\n\n\n\n\t\t\t<div class=\"wp-block-uagb-post-grid uagb-post-grid  uagb-post__image-position-top uagb-post__image-enabled uagb-block-00c6c954     uagb-post__items uagb-post__columns-3 is-grid uagb-post__columns-tablet-2 uagb-post__columns-mobile-1 uagb-post__equal-height\" data-total=\"1\" style=\"\">\n\n\t\t\t\t\t\t\t\t\t\t\t\t<article class=\"uagb-post__inner-wrap\">\t\t\t\t\t\t\t\t<div class='uagb-post__image'>\n\t\t\t\t\t\t\t\t\t<a href=\"https:\/\/dgp.uepa.br\/index.php\/dia-d-da-saude\/\" target=\"_self\" rel=\"bookmark noopener noreferrer\" class='uagb-image-ratio-inherit'><img loading=\"lazy\" decoding=\"async\" width=\"1024\" height=\"341\" src=\"https:\/\/dgp.uepa.br\/wp-content\/uploads\/2025\/04\/capa-Dia-D-da-Saude.png\" class=\"attachment-large size-large\" alt=\"\" srcset=\"https:\/\/dgp.uepa.br\/wp-content\/uploads\/2025\/04\/capa-Dia-D-da-Saude.png 1024w, https:\/\/dgp.uepa.br\/wp-content\/uploads\/2025\/04\/capa-Dia-D-da-Saude-300x100.png 300w, https:\/\/dgp.uepa.br\/wp-content\/uploads\/2025\/04\/capa-Dia-D-da-Saude-768x256.png 768w\" sizes=\"auto, (max-width: 1024px) 100vw, 1024px\" \/>\t\t\t\t\t<\/a>\n\t\t\t\t\t\t\t<\/div>\n\t\t\t\t\t\t<p class=\"uagb-post__title uagb-post__text\">\n\t\t\t\t<a href=\"https:\/\/dgp.uepa.br\/index.php\/dia-d-da-saude\/\" target=\"_self\" rel=\"bookmark noopener noreferrer\">Dia D da Sa\u00fade<\/a>\n\t\t\t<\/p>\n\t\t\t\t\t\t<div class='uagb-post__text uagb-post-grid-byline'>\n\t\t\t\t\t\t\t<\/div>\n\t\t\t\t\t\t\t\t\t\t\t\t<\/article>\n\t\t\t\t\t\t\t\t\t\t\t\t\t\t\t\t<article class=\"uagb-post__inner-wrap\">\t\t\t\t\t\t\t\t<div class='uagb-post__image'>\n\t\t\t\t\t\t\t\t\t<a href=\"https:\/\/dgp.uepa.br\/index.php\/campanha-de-doacao-de-sangue\/\" target=\"_self\" rel=\"bookmark noopener noreferrer\" class='uagb-image-ratio-inherit'><img loading=\"lazy\" decoding=\"async\" width=\"1024\" height=\"341\" src=\"https:\/\/dgp.uepa.br\/wp-content\/uploads\/2025\/04\/Campanha-de-doacao-de-sangue.png\" class=\"attachment-large size-large\" alt=\"\" srcset=\"https:\/\/dgp.uepa.br\/wp-content\/uploads\/2025\/04\/Campanha-de-doacao-de-sangue.png 1024w, https:\/\/dgp.uepa.br\/wp-content\/uploads\/2025\/04\/Campanha-de-doacao-de-sangue-300x100.png 300w, https:\/\/dgp.uepa.br\/wp-content\/uploads\/2025\/04\/Campanha-de-doacao-de-sangue-768x256.png 768w\" sizes=\"auto, (max-width: 1024px) 100vw, 1024px\" \/>\t\t\t\t\t<\/a>\n\t\t\t\t\t\t\t<\/div>\n\t\t\t\t\t\t<p class=\"uagb-post__title uagb-post__text\">\n\t\t\t\t<a href=\"https:\/\/dgp.uepa.br\/index.php\/campanha-de-doacao-de-sangue\/\" target=\"_self\" rel=\"bookmark noopener noreferrer\">Campanha de Doa\u00e7\u00e3o de Sangue<\/a>\n\t\t\t<\/p>\n\t\t\t\t\t\t<div class='uagb-post__text uagb-post-grid-byline'>\n\t\t\t\t\t\t\t<\/div>\n\t\t\t\t\t\t\t\t\t\t\t\t<\/article>\n\t\t\t\t\t\t\t\t\t\t\t\t\t\t\t\t<article class=\"uagb-post__inner-wrap\">\t\t\t\t\t\t\t\t<div class='uagb-post__image'>\n\t\t\t\t\t\t\t\t\t<a href=\"https:\/\/dgp.uepa.br\/index.php\/uepa-na-folia\/\" target=\"_self\" rel=\"bookmark noopener noreferrer\" class='uagb-image-ratio-inherit'><img loading=\"lazy\" decoding=\"async\" width=\"1024\" height=\"341\" src=\"https:\/\/dgp.uepa.br\/wp-content\/uploads\/2024\/02\/header-UEPA-na-folia-1024x341-1.png\" class=\"attachment-large size-large\" alt=\"\" srcset=\"https:\/\/dgp.uepa.br\/wp-content\/uploads\/2024\/02\/header-UEPA-na-folia-1024x341-1.png 1024w, https:\/\/dgp.uepa.br\/wp-content\/uploads\/2024\/02\/header-UEPA-na-folia-1024x341-1-300x100.png 300w, https:\/\/dgp.uepa.br\/wp-content\/uploads\/2024\/02\/header-UEPA-na-folia-1024x341-1-768x256.png 768w\" sizes=\"auto, (max-width: 1024px) 100vw, 1024px\" \/>\t\t\t\t\t<\/a>\n\t\t\t\t\t\t\t<\/div>\n\t\t\t\t\t\t<p class=\"uagb-post__title uagb-post__text\">\n\t\t\t\t<a href=\"https:\/\/dgp.uepa.br\/index.php\/uepa-na-folia\/\" target=\"_self\" rel=\"bookmark noopener noreferrer\">UEPA na Folia<\/a>\n\t\t\t<\/p>\n\t\t\t\t\t\t<div class='uagb-post__text uagb-post-grid-byline'>\n\t\t\t\t\t\t\t<\/div>\n\t\t\t\t\t\t\t\t\t\t\t\t<\/article>\n\t\t\t\t\t\t\t\t\t\t\t<\/div>\n\t\t\t<\/div><\/div>\n","protected":false},"excerpt":{"rendered":"<p>O que \u00e9 CODEPE? A Coordenadoria de Desenvolvimento de Pessoas \u2013 CODEPE \u00e9 a subunidade integrante da Diretoria de Gest\u00e3o de Pessoas \u2013 DGP e tem como responsabilidade: CAPACITA\u00c7\u00c3O VALORIZA\u00c7\u00c3O QUALIDADE DE VIDA SEGURAN\u00c7A DO TRABALHO<\/p>\n","protected":false},"author":1,"featured_media":0,"parent":0,"menu_order":0,"comment_status":"closed","ping_status":"closed","template":"","meta":{"_uag_custom_page_level_css":"","site-sidebar-layout":"default","site-content-layout":"","ast-site-content-layout":"default","site-content-style":"default","site-sidebar-style":"default","ast-global-header-display":"","ast-banner-title-visibility":"","ast-main-header-display":"","ast-hfb-above-header-display":"","ast-hfb-below-header-display":"","ast-hfb-mobile-header-display":"","site-post-title":"disabled","ast-breadcrumbs-content":"","ast-featured-img":"","footer-sml-layout":"","theme-transparent-header-meta":"enabled","adv-header-id-meta":"","stick-header-meta":"","header-above-stick-meta":"","header-main-stick-meta":"","header-below-stick-meta":"","astra-migrate-meta-layouts":"set","ast-page-background-enabled":"default","ast-page-background-meta":{"desktop":{"background-color":"","background-image":"","background-repeat":"repeat","background-position":"center center","background-size":"auto","background-attachment":"scroll","background-type":"","background-media":"","overlay-type":"","overlay-color":"","overlay-gradient":""},"tablet":{"background-color":"","background-image":"","background-repeat":"repeat","background-position":"center center","background-size":"auto","background-attachment":"scroll","background-type":"","background-media":"","overlay-type":"","overlay-color":"","overlay-gradient":""},"mobile":{"background-color":"","background-image":"","background-repeat":"repeat","background-position":"center center","background-size":"auto","background-attachment":"scroll","background-type":"","background-media":"","overlay-type":"","overlay-color":"","overlay-gradient":""}},"ast-content-background-meta":{"desktop":{"background-color":"var(--ast-global-color-5)","background-image":"","background-repeat":"repeat","background-position":"center center","background-size":"auto","background-attachment":"scroll","background-type":"","background-media":"","overlay-type":"","overlay-color":"","overlay-gradient":""},"tablet":{"background-color":"var(--ast-global-color-5)","background-image":"","background-repeat":"repeat","background-position":"center center","background-size":"auto","background-attachment":"scroll","background-type":"","background-media":"","overlay-type":"","overlay-color":"","overlay-gradient":""},"mobile":{"background-color":"var(--ast-global-color-5)","background-image":"","background-repeat":"repeat","background-position":"center center","background-size":"auto","background-attachment":"scroll","background-type":"","background-media":"","overlay-type":"","overlay-color":"","overlay-gradient":""}},"footnotes":""},"class_list":["post-1630","page","type-page","status-publish","hentry"],"uagb_featured_image_src":{"full":false,"thumbnail":false,"medium":false,"medium_large":false,"large":false,"1536x1536":false,"2048x2048":false},"uagb_author_info":{"display_name":"admin@uepa.br","author_link":"https:\/\/dgp.uepa.br\/index.php\/author\/adminuepa-br\/"},"uagb_comment_info":0,"uagb_excerpt":"O que \u00e9 CODEPE? A Coordenadoria de Desenvolvimento de Pessoas \u2013 CODEPE \u00e9 a subunidade integrante da Diretoria de Gest\u00e3o de Pessoas \u2013 DGP e tem como responsabilidade: CAPACITA\u00c7\u00c3O VALORIZA\u00c7\u00c3O QUALIDADE DE VIDA SEGURAN\u00c7A DO TRABALHO","_links":{"self":[{"href":"https:\/\/dgp.uepa.br\/index.php\/wp-json\/wp\/v2\/pages\/1630","targetHints":{"allow":["GET"]}}],"collection":[{"href":"https:\/\/dgp.uepa.br\/index.php\/wp-json\/wp\/v2\/pages"}],"about":[{"href":"https:\/\/dgp.uepa.br\/index.php\/wp-json\/wp\/v2\/types\/page"}],"author":[{"embeddable":true,"href":"https:\/\/dgp.uepa.br\/index.php\/wp-json\/wp\/v2\/users\/1"}],"replies":[{"embeddable":true,"href":"https:\/\/dgp.uepa.br\/index.php\/wp-json\/wp\/v2\/comments?post=1630"}],"version-history":[{"count":10,"href":"https:\/\/dgp.uepa.br\/index.php\/wp-json\/wp\/v2\/pages\/1630\/revisions"}],"predecessor-version":[{"id":3918,"href":"https:\/\/dgp.uepa.br\/index.php\/wp-json\/wp\/v2\/pages\/1630\/revisions\/3918"}],"wp:attachment":[{"href":"https:\/\/dgp.uepa.br\/index.php\/wp-json\/wp\/v2\/media?parent=1630"}],"curies":[{"name":"wp","href":"https:\/\/api.w.org\/{rel}","templated":true}]}}