{"id":1632,"date":"2022-07-08T06:15:56","date_gmt":"2022-07-08T09:15:56","guid":{"rendered":"https:\/\/dgp.uepa.br\/?page_id=1632"},"modified":"2023-03-28T13:44:05","modified_gmt":"2023-03-28T16:44:05","slug":"fopag","status":"publish","type":"page","link":"https:\/\/dgp.uepa.br\/index.php\/fopag\/","title":{"rendered":"FOPAG"},"content":{"rendered":"\n<style>\n.ast-above-header-wrap  {\nbackground: none;\n}\n<\/style>\n\n\n\n<div class=\"wp-block-uagb-container uagb-block-cae072a6 alignfull uagb-is-root-container\"><div class=\"uagb-container-inner-blocks-wrap\">\n<div class=\"wp-block-uagb-container uagb-block-6b9f1e10 alignfull uagb-is-root-container\"><div class=\"uagb-container-inner-blocks-wrap\">\n<div class=\"wp-block-uagb-container uagb-block-329d7c28\">\n<div class=\"wp-block-uagb-advanced-heading uagb-block-40e83ff3\"><h2 class=\"uagb-heading-text\">O que \u00e9 FOPAG?<\/h2><p class=\"uagb-desc-text\">O Departamento de Folha de Pagamento \u2013 FOPAG \u00e9 a subunidade integrante da Diretoria de Gest\u00e3o de Pessoas \u2013 DGP e tem como responsabilidade:<\/p><\/div>\n\n\n\n<div class=\"wp-block-buttons is-content-justification-left is-layout-flex wp-container-core-buttons-is-layout-fc4fd283 wp-block-buttons-is-layout-flex\">\n<div class=\"wp-block-button is-style-fill\"><a class=\"wp-block-button__link has-ast-global-color-0-background-color has-background wp-element-button\" href=\"https:\/\/dgp.uepa.br\/index.php\/o-que-e-a-fopag\/\" style=\"border-radius:8px\">Saiba mais!<\/a><\/div>\n<\/div>\n<\/div>\n\n\n\n<div class=\"wp-block-uagb-container uagb-block-210e2b06\"><\/div>\n<\/div><\/div>\n<\/div><div class=\"uagb-container__shape uagb-container__shape-bottom uagb-container__invert\" data-negative=\"false\"><svg xmlns=\"https:\/\/www.w3.org\/2000\/svg\" viewBox=\"0 0 1000 100\" preserveAspectRatio=\"none\"><path class=\"uagb-container__shape-fill\" d=\"M0,0c0,0,0,6,0,6.7c0,18,240.2,93.6,615.2,92.6C989.8,98.5,1000,25,1000,6.7c0-0.7,0-6.7,0-6.7H0z\"><\/path><\/svg><\/div><\/div>\n\n\n\n<div class=\"wp-block-uagb-container uagb-block-b4deb39b alignfull uagb-is-root-container\"><div class=\"uagb-container-inner-blocks-wrap\">\n<div class=\"wp-block-uagb-advanced-heading uagb-block-69d083e4\"><h2 class=\"uagb-heading-text\">Declara\u00e7\u00e3o de bens e valores<\/h2><div class=\"uagb-separator\"><\/div><\/div>\n\n\n\n<div class=\"wp-block-uagb-advanced-heading uagb-block-1a9728ee\"><p class=\"uagb-heading-text\">A universidade do Estado do Par\u00e1, por meio da Pr\u00f3-Reitoria de Gest\u00e3o de Planejamento e da Dire\u00e7\u00e3o de Gest\u00e3o de Pessoas, em observ\u00e2ncia \u00e1s instru\u00e7\u00f5es Normativas n\u00b003, de 10\/09\/2021 e n\u00b04, de 06\/10\/2021, da Auditoria Geral do Estado -AGE, que dispuseram sobre procedimentos a serem adotados pelos \u00f3rg\u00e3os e entidades da administra\u00e7\u00e3o direta e indireta do Poder Executivo Estadual para apresenta\u00e7\u00e3o, pelos agentes p\u00fablicos , de declara\u00e7\u00e3o de bens de valores (Decreto Estadual N\u00b0 1.712\/2021 de 12\/07\/2021), bem como sua atualiza\u00e7\u00e3o anual vem informar \u00e0 coletividade de servidores desta IES que:<br><br>A Declara\u00e7\u00e3o de bens e valores dos servidores da Uepa, dever\u00e1 ser realizada por meio do preenchimento de formul\u00e1rio eletr\u00f4nico pelo link: <a href=\"https:\/\/docs.google.com\/forms\/d\/e\/1FAIpQLSfO5cUhsVIJORqlr6ZiAQ09PBsmLmTzcGwR_vCIiBARr-3_sQ\/viewform  \">https:\/\/docs.google.com\/forms\/d\/e\/1FAIpQLSfO5cUhsVIJORqlr6ZiAQ09PBsmLmTzcGwR_vCIiBARr-3_sQ\/viewform  <\/a> Para isso, o servidor deve estar logado em seu e-mail institucional.<br><br><strong><em>OBS: O SERVIDOR QUE N\u00c3O POSSUI EMAIL INSTITUCIONAL DEVERA PROCURAR A DSPD, ATRAV\u00c9S DE suporte@uepa.br PARA PROVIDENCIAR O MESMO, POIS CASO CONTRARIO N\u00c3O TER\u00c1 ACESSO AO LINK CITADO!<\/em><\/strong><br>O preenchimento do formul\u00e1rio devera ser realizado at\u00e9 o dia 31\/01\/2022 <br>Ao final do preenchimento do formul\u00e1rio, ap\u00f3s o envio, o servidor receber\u00e1 automaticamente e-mail de COMPROVA\u00c7\u00c3O DE ENVIO.<br>Para mais informa\u00e7\u00f5es: 3299-2274 <br><br><\/p><\/div>\n\n\n\n<div class=\"wp-block-uagb-container uagb-block-c5ac982f alignfull uagb-is-root-container\"><div class=\"uagb-container-inner-blocks-wrap\">\n<div class=\"wp-block-uagb-container uagb-block-f675d43b\">\n<div class=\"inherit-container-width wp-block-group is-layout-constrained wp-block-group-is-layout-constrained\">\n<div class=\"wp-block-uagb-buttons uagb-buttons__outer-wrap uagb-btn__default-btn uagb-btn-tablet__default-btn uagb-btn-mobile__default-btn uagb-block-1b3c1ce4\"><div class=\"uagb-buttons__wrap uagb-buttons-layout-wrap\">\n<div class=\"wp-block-uagb-buttons-child uagb-buttons__outer-wrap uagb-block-b0b6cad6 wp-block-button is-style-outline\"><div class=\"uagb-button__wrapper\"><a class=\"uagb-buttons-repeater wp-block-button__link has-background\" href=\"https:\/\/portaldoservidor.pa.gov.br\/\" onclick=\"return true;\" rel=\"follow noopener\" target=\"_blank\"><div class=\"uagb-button__link\"><\/div><span class=\"uagb-button__icon uagb-button__icon-position-after\"><svg xmlns=\"https:\/\/www.w3.org\/2000\/svg\" viewBox=\"0 0 640 512\"><path d=\"M592 0h-384C181.5 0 160 22.25 160 49.63V96c23.42 0 45.1 6.781 63.1 17.81V64h352v288h-64V304c0-8.838-7.164-16-16-16h-96c-8.836 0-16 7.162-16 16V352H287.3c22.07 16.48 39.54 38.5 50.76 64h253.9C618.5 416 640 393.8 640 366.4V49.63C640 22.25 618.5 0 592 0zM160 320c53.02 0 96-42.98 96-96c0-53.02-42.98-96-96-96C106.1 128 64 170.1 64 224C64 277 106.1 320 160 320zM192 352H128c-70.69 0-128 57.31-128 128c0 17.67 14.33 32 32 32h256c17.67 0 32-14.33 32-32C320 409.3 262.7 352 192 352z\"><\/path><\/svg><\/span><\/a><\/div><\/div>\n<\/div><\/div>\n\n\n\n<div class=\"wp-block-uagb-advanced-heading uagb-block-2e3b208d\"><h4 class=\"uagb-heading-text\">Portal do Servidor<\/h4><\/div>\n<\/div>\n<\/div>\n<\/div><\/div>\n<\/div><div class=\"uagb-container__shape uagb-container__shape-bottom uagb-container__invert\" data-negative=\"false\"><svg xmlns=\"https:\/\/www.w3.org\/2000\/svg\" viewBox=\"0 0 1000 100\" preserveAspectRatio=\"none\"><path class=\"uagb-container__shape-fill\" d=\"M0,0c0,0,0,6,0,6.7c0,18,240.2,93.6,615.2,92.6C989.8,98.5,1000,25,1000,6.7c0-0.7,0-6.7,0-6.7H0z\"><\/path><\/svg><\/div><\/div>\n","protected":false},"excerpt":{"rendered":"<p>O que \u00e9 FOPAG? O Departamento de Folha de Pagamento \u2013 FOPAG \u00e9 a subunidade integrante da Diretoria de Gest\u00e3o de Pessoas \u2013 DGP e tem como responsabilidade: Declara\u00e7\u00e3o de bens e valores A universidade do Estado do Par\u00e1, por meio da Pr\u00f3-Reitoria de Gest\u00e3o de Planejamento e da Dire\u00e7\u00e3o de Gest\u00e3o de Pessoas, em &hellip;<\/p>\n<p class=\"read-more\"> <a class=\"\" href=\"https:\/\/dgp.uepa.br\/index.php\/fopag\/\"> <span class=\"screen-reader-text\">FOPAG<\/span> Leia mais &raquo;<\/a><\/p>\n","protected":false},"author":1,"featured_media":0,"parent":0,"menu_order":0,"comment_status":"closed","ping_status":"closed","template":"","meta":{"_uag_custom_page_level_css":"","site-sidebar-layout":"default","site-content-layout":"","ast-site-content-layout":"","site-content-style":"default","site-sidebar-style":"default","ast-global-header-display":"","ast-banner-title-visibility":"","ast-main-header-display":"","ast-hfb-above-header-display":"","ast-hfb-below-header-display":"","ast-hfb-mobile-header-display":"","site-post-title":"disabled","ast-breadcrumbs-content":"","ast-featured-img":"","footer-sml-layout":"","theme-transparent-header-meta":"enabled","adv-header-id-meta":null,"stick-header-meta":null,"header-above-stick-meta":null,"header-main-stick-meta":null,"header-below-stick-meta":null,"astra-migrate-meta-layouts":"","ast-page-background-enabled":"default","ast-page-background-meta":{"desktop":{"background-color":"","background-image":"","background-repeat":"repeat","background-position":"center center","background-size":"auto","background-attachment":"scroll","background-type":"","background-media":"","overlay-type":"","overlay-color":"","overlay-gradient":""},"tablet":{"background-color":"","background-image":"","background-repeat":"repeat","background-position":"center center","background-size":"auto","background-attachment":"scroll","background-type":"","background-media":"","overlay-type":"","overlay-color":"","overlay-gradient":""},"mobile":{"background-color":"","background-image":"","background-repeat":"repeat","background-position":"center center","background-size":"auto","background-attachment":"scroll","background-type":"","background-media":"","overlay-type":"","overlay-color":"","overlay-gradient":""}},"ast-content-background-meta":{"desktop":{"background-color":"var(--ast-global-color-5)","background-image":"","background-repeat":"repeat","background-position":"center center","background-size":"auto","background-attachment":"scroll","background-type":"","background-media":"","overlay-type":"","overlay-color":"","overlay-gradient":""},"tablet":{"background-color":"var(--ast-global-color-5)","background-image":"","background-repeat":"repeat","background-position":"center center","background-size":"auto","background-attachment":"scroll","background-type":"","background-media":"","overlay-type":"","overlay-color":"","overlay-gradient":""},"mobile":{"background-color":"var(--ast-global-color-5)","background-image":"","background-repeat":"repeat","background-position":"center center","background-size":"auto","background-attachment":"scroll","background-type":"","background-media":"","overlay-type":"","overlay-color":"","overlay-gradient":""}},"footnotes":""},"class_list":["post-1632","page","type-page","status-publish","hentry"],"uagb_featured_image_src":{"full":false,"thumbnail":false,"medium":false,"medium_large":false,"large":false,"1536x1536":false,"2048x2048":false},"uagb_author_info":{"display_name":"admin@uepa.br","author_link":"https:\/\/dgp.uepa.br\/index.php\/author\/adminuepa-br\/"},"uagb_comment_info":0,"uagb_excerpt":"O que \u00e9 FOPAG? O Departamento de Folha de Pagamento \u2013 FOPAG \u00e9 a subunidade integrante da Diretoria de Gest\u00e3o de Pessoas \u2013 DGP e tem como responsabilidade: Declara\u00e7\u00e3o de bens e valores A universidade do Estado do Par\u00e1, por meio da Pr\u00f3-Reitoria de Gest\u00e3o de Planejamento e da Dire\u00e7\u00e3o de Gest\u00e3o de Pessoas, em&hellip;","_links":{"self":[{"href":"https:\/\/dgp.uepa.br\/index.php\/wp-json\/wp\/v2\/pages\/1632","targetHints":{"allow":["GET"]}}],"collection":[{"href":"https:\/\/dgp.uepa.br\/index.php\/wp-json\/wp\/v2\/pages"}],"about":[{"href":"https:\/\/dgp.uepa.br\/index.php\/wp-json\/wp\/v2\/types\/page"}],"author":[{"embeddable":true,"href":"https:\/\/dgp.uepa.br\/index.php\/wp-json\/wp\/v2\/users\/1"}],"replies":[{"embeddable":true,"href":"https:\/\/dgp.uepa.br\/index.php\/wp-json\/wp\/v2\/comments?post=1632"}],"version-history":[{"count":6,"href":"https:\/\/dgp.uepa.br\/index.php\/wp-json\/wp\/v2\/pages\/1632\/revisions"}],"predecessor-version":[{"id":3778,"href":"https:\/\/dgp.uepa.br\/index.php\/wp-json\/wp\/v2\/pages\/1632\/revisions\/3778"}],"wp:attachment":[{"href":"https:\/\/dgp.uepa.br\/index.php\/wp-json\/wp\/v2\/media?parent=1632"}],"curies":[{"name":"wp","href":"https:\/\/api.w.org\/{rel}","templated":true}]}}