{"id":1636,"date":"2022-07-08T06:16:36","date_gmt":"2022-07-08T09:16:36","guid":{"rendered":"https:\/\/dgp.uepa.br\/?page_id=1636"},"modified":"2025-01-23T13:34:01","modified_gmt":"2025-01-23T16:34:01","slug":"legislacao","status":"publish","type":"page","link":"https:\/\/dgp.uepa.br\/index.php\/legislacao\/","title":{"rendered":"Guias e Manuais"},"content":{"rendered":"\n<div class=\"wp-block-uagb-container uagb-block-0de80606 alignfull uagb-is-root-container\"><div class=\"uagb-container-inner-blocks-wrap\">\n<div class=\"wp-block-uagb-advanced-heading uagb-block-9ddb2eca\"><h2 class=\"uagb-heading-text\">Documentos<\/h2><div class=\"uagb-separator\"><\/div><\/div>\n\n\n\n\t\t\t<div class=\"wp-block-uagb-post-masonry uagb-post-grid  uagb-post__image-position-top uagb-post__image-enabled uagb-block-40220746     uagb-post__items uagb-post__columns-3 is-masonry uagb-post__columns-tablet-2 uagb-post__columns-mobile-1\" data-total=\"1\" style=\"\">\n\n\t\t\t\t\t\t\t\t\t\t\t\t<article class=\"uagb-post__inner-wrap\">\t\t\t\t\t\t\t\t<div class='uagb-post__image'>\n\t\t\t\t\t\t\t\t\t<a href=\"https:\/\/dgp.uepa.br\/index.php\/orientacoes-basicas-sobre-o-qualifica-servidor\/\" target=\"_self\" rel=\"bookmark noopener noreferrer\"><img loading=\"lazy\" decoding=\"async\" width=\"1024\" height=\"1024\" src=\"https:\/\/dgp.uepa.br\/wp-content\/uploads\/2024\/05\/capa-manual-qualifica-servidor-1024x1024.png\" class=\"attachment-large size-large\" alt=\"\" srcset=\"https:\/\/dgp.uepa.br\/wp-content\/uploads\/2024\/05\/capa-manual-qualifica-servidor-1024x1024.png 1024w, https:\/\/dgp.uepa.br\/wp-content\/uploads\/2024\/05\/capa-manual-qualifica-servidor-300x300.png 300w, https:\/\/dgp.uepa.br\/wp-content\/uploads\/2024\/05\/capa-manual-qualifica-servidor-150x150.png 150w, https:\/\/dgp.uepa.br\/wp-content\/uploads\/2024\/05\/capa-manual-qualifica-servidor-768x768.png 768w, https:\/\/dgp.uepa.br\/wp-content\/uploads\/2024\/05\/capa-manual-qualifica-servidor.png 1080w\" sizes=\"auto, (max-width: 1024px) 100vw, 1024px\" \/>\t\t\t\t\t<\/a>\n\t\t\t\t\t\t\t\t\t<\/div>\n\t\t\t\t\t\t<p class=\"uagb-post__title uagb-post__text\">\n\t\t\t\t<a href=\"https:\/\/dgp.uepa.br\/index.php\/orientacoes-basicas-sobre-o-qualifica-servidor\/\" target=\"_self\" rel=\"bookmark noopener noreferrer\">Orienta\u00e7\u00f5es B\u00e1sicas sobre o Qualifica Servidor<\/a>\n\t\t\t<\/p>\n\t\t\t\t\t\t<div class='uagb-post__text uagb-post-grid-byline'>\n\t\t\t\t\t\t\t<\/div>\n\t\t\t\t\t\t\t\t\t\t\t\t<\/article>\n\t\t\t\t\t\t\t\t\t\t\t\t\t\t\t\t<article class=\"uagb-post__inner-wrap\">\t\t\t\t\t\t\t\t<div class='uagb-post__image'>\n\t\t\t\t\t\t\t\t\t<a href=\"https:\/\/dgp.uepa.br\/index.php\/manual-de-orientacoes-basicas-aos-servidores-da-uepa\/\" target=\"_self\" rel=\"bookmark noopener noreferrer\"><img loading=\"lazy\" decoding=\"async\" width=\"1024\" height=\"1024\" src=\"https:\/\/dgp.uepa.br\/wp-content\/uploads\/2024\/02\/Instagram-post-1-1024x1024.png\" class=\"attachment-large size-large\" alt=\"\" srcset=\"https:\/\/dgp.uepa.br\/wp-content\/uploads\/2024\/02\/Instagram-post-1-1024x1024.png 1024w, https:\/\/dgp.uepa.br\/wp-content\/uploads\/2024\/02\/Instagram-post-1-300x300.png 300w, https:\/\/dgp.uepa.br\/wp-content\/uploads\/2024\/02\/Instagram-post-1-150x150.png 150w, https:\/\/dgp.uepa.br\/wp-content\/uploads\/2024\/02\/Instagram-post-1-768x768.png 768w, https:\/\/dgp.uepa.br\/wp-content\/uploads\/2024\/02\/Instagram-post-1.png 1080w\" sizes=\"auto, (max-width: 1024px) 100vw, 1024px\" \/>\t\t\t\t\t<\/a>\n\t\t\t\t\t\t\t\t\t<\/div>\n\t\t\t\t\t\t<p class=\"uagb-post__title uagb-post__text\">\n\t\t\t\t<a href=\"https:\/\/dgp.uepa.br\/index.php\/manual-de-orientacoes-basicas-aos-servidores-da-uepa\/\" target=\"_self\" rel=\"bookmark noopener noreferrer\">Manual de Orienta\u00e7\u00f5es b\u00e1sicas aos servidores da UEPA<\/a>\n\t\t\t<\/p>\n\t\t\t\t\t\t<div class='uagb-post__text uagb-post-grid-byline'>\n\t\t\t\t\t\t\t<\/div>\n\t\t\t\t\t\t\t\t\t\t\t\t<\/article>\n\t\t\t\t\t\t\t\t\t\t\t\t\t\t\t\t<article class=\"uagb-post__inner-wrap\">\t\t\t\t\t\t\t\t<div class='uagb-post__image'>\n\t\t\t\t\t\t\t\t\t<a href=\"https:\/\/dgp.uepa.br\/index.php\/manual-de-orientacoes-para-registro-de-frequencia-no-sigrh-usuarios\/\" target=\"_self\" rel=\"bookmark noopener noreferrer\"><img loading=\"lazy\" decoding=\"async\" width=\"1024\" height=\"1024\" src=\"https:\/\/dgp.uepa.br\/wp-content\/uploads\/2024\/05\/Instagram-post-10-1024x1024.png\" class=\"attachment-large size-large\" alt=\"\" srcset=\"https:\/\/dgp.uepa.br\/wp-content\/uploads\/2024\/05\/Instagram-post-10-1024x1024.png 1024w, https:\/\/dgp.uepa.br\/wp-content\/uploads\/2024\/05\/Instagram-post-10-300x300.png 300w, https:\/\/dgp.uepa.br\/wp-content\/uploads\/2024\/05\/Instagram-post-10-150x150.png 150w, https:\/\/dgp.uepa.br\/wp-content\/uploads\/2024\/05\/Instagram-post-10-768x768.png 768w, https:\/\/dgp.uepa.br\/wp-content\/uploads\/2024\/05\/Instagram-post-10.png 1080w\" sizes=\"auto, (max-width: 1024px) 100vw, 1024px\" \/>\t\t\t\t\t<\/a>\n\t\t\t\t\t\t\t\t\t<\/div>\n\t\t\t\t\t\t<p class=\"uagb-post__title uagb-post__text\">\n\t\t\t\t<a href=\"https:\/\/dgp.uepa.br\/index.php\/manual-de-orientacoes-para-registro-de-frequencia-no-sigrh-usuarios\/\" target=\"_self\" rel=\"bookmark noopener noreferrer\">MANUAL DE ORIENTA\u00c7\u00d5ES PARA REGISTRO DE FREQU\u00caNCIA NO SIGRH<\/a>\n\t\t\t<\/p>\n\t\t\t\t\t\t<div class='uagb-post__text uagb-post-grid-byline'>\n\t\t\t\t\t\t\t<\/div>\n\t\t\t\t\t\t\t\t\t\t\t\t<\/article>\n\t\t\t\t\t\t\t\t\t\t\t<\/div>\n\t\t\t<\/div><\/div>\n","protected":false},"excerpt":{"rendered":"<p>Documentos<\/p>\n","protected":false},"author":1,"featured_media":0,"parent":0,"menu_order":0,"comment_status":"closed","ping_status":"closed","template":"","meta":{"_uag_custom_page_level_css":"","site-sidebar-layout":"default","site-content-layout":"","ast-site-content-layout":"default","site-content-style":"default","site-sidebar-style":"default","ast-global-header-display":"","ast-banner-title-visibility":"","ast-main-header-display":"","ast-hfb-above-header-display":"","ast-hfb-below-header-display":"","ast-hfb-mobile-header-display":"","site-post-title":"disabled","ast-breadcrumbs-content":"","ast-featured-img":"","footer-sml-layout":"","theme-transparent-header-meta":"","adv-header-id-meta":"","stick-header-meta":"","header-above-stick-meta":"","header-main-stick-meta":"","header-below-stick-meta":"","astra-migrate-meta-layouts":"set","ast-page-background-enabled":"default","ast-page-background-meta":{"desktop":{"background-color":"","background-image":"","background-repeat":"repeat","background-position":"center center","background-size":"auto","background-attachment":"scroll","background-type":"","background-media":"","overlay-type":"","overlay-color":"","overlay-gradient":""},"tablet":{"background-color":"","background-image":"","background-repeat":"repeat","background-position":"center center","background-size":"auto","background-attachment":"scroll","background-type":"","background-media":"","overlay-type":"","overlay-color":"","overlay-gradient":""},"mobile":{"background-color":"","background-image":"","background-repeat":"repeat","background-position":"center center","background-size":"auto","background-attachment":"scroll","background-type":"","background-media":"","overlay-type":"","overlay-color":"","overlay-gradient":""}},"ast-content-background-meta":{"desktop":{"background-color":"var(--ast-global-color-5)","background-image":"","background-repeat":"repeat","background-position":"center center","background-size":"auto","background-attachment":"scroll","background-type":"","background-media":"","overlay-type":"","overlay-color":"","overlay-gradient":""},"tablet":{"background-color":"var(--ast-global-color-5)","background-image":"","background-repeat":"repeat","background-position":"center center","background-size":"auto","background-attachment":"scroll","background-type":"","background-media":"","overlay-type":"","overlay-color":"","overlay-gradient":""},"mobile":{"background-color":"var(--ast-global-color-5)","background-image":"","background-repeat":"repeat","background-position":"center center","background-size":"auto","background-attachment":"scroll","background-type":"","background-media":"","overlay-type":"","overlay-color":"","overlay-gradient":""}},"footnotes":""},"class_list":["post-1636","page","type-page","status-publish","hentry"],"uagb_featured_image_src":{"full":false,"thumbnail":false,"medium":false,"medium_large":false,"large":false,"1536x1536":false,"2048x2048":false},"uagb_author_info":{"display_name":"admin@uepa.br","author_link":"https:\/\/dgp.uepa.br\/index.php\/author\/adminuepa-br\/"},"uagb_comment_info":0,"uagb_excerpt":"Documentos","_links":{"self":[{"href":"https:\/\/dgp.uepa.br\/index.php\/wp-json\/wp\/v2\/pages\/1636","targetHints":{"allow":["GET"]}}],"collection":[{"href":"https:\/\/dgp.uepa.br\/index.php\/wp-json\/wp\/v2\/pages"}],"about":[{"href":"https:\/\/dgp.uepa.br\/index.php\/wp-json\/wp\/v2\/types\/page"}],"author":[{"embeddable":true,"href":"https:\/\/dgp.uepa.br\/index.php\/wp-json\/wp\/v2\/users\/1"}],"replies":[{"embeddable":true,"href":"https:\/\/dgp.uepa.br\/index.php\/wp-json\/wp\/v2\/comments?post=1636"}],"version-history":[{"count":8,"href":"https:\/\/dgp.uepa.br\/index.php\/wp-json\/wp\/v2\/pages\/1636\/revisions"}],"predecessor-version":[{"id":3704,"href":"https:\/\/dgp.uepa.br\/index.php\/wp-json\/wp\/v2\/pages\/1636\/revisions\/3704"}],"wp:attachment":[{"href":"https:\/\/dgp.uepa.br\/index.php\/wp-json\/wp\/v2\/media?parent=1636"}],"curies":[{"name":"wp","href":"https:\/\/api.w.org\/{rel}","templated":true}]}}